{"id":107,"date":"2015-11-24T10:24:11","date_gmt":"2015-11-24T09:24:11","guid":{"rendered":"http:\/\/www.banabel.fr\/?page_id=107"},"modified":"2022-11-09T16:00:55","modified_gmt":"2022-11-09T15:00:55","slug":"engagements-qualite","status":"publish","type":"page","link":"https:\/\/www.banabel.fr\/index.php\/engagements-qualite\/","title":{"rendered":"Engagements qualit\u00e9"},"content":{"rendered":"<p>[et_pb_section fb_built=\u00a0\u00bb1&Prime; fullwidth=\u00a0\u00bbon\u00a0\u00bb custom_padding_last_edited=\u00a0\u00bbon|desktop\u00a0\u00bb admin_label=\u00a0\u00bbSection\u00a0\u00bb _builder_version=\u00a0\u00bb3.22&Prime; background_image=\u00a0\u00bbhttp:\/\/www.banabel.fr\/wp-content\/uploads\/2015\/11\/chou-vert.jpg\u00a0\u00bb parallax=\u00a0\u00bbon\u00a0\u00bb parallax_method=\u00a0\u00bboff\u00a0\u00bb custom_padding_tablet=\u00a0\u00bb50px|0|50px|0&Prime; custom_padding_phone=\u00a0\u00bb50px|0|50px|0&Prime; custom_css_main_element=\u00a0\u00bbheight:150px\u00a0\u00bb transparent_background=\u00a0\u00bboff\u00a0\u00bb padding_mobile=\u00a0\u00bboff\u00a0\u00bb make_fullwidth=\u00a0\u00bboff\u00a0\u00bb use_custom_width=\u00a0\u00bboff\u00a0\u00bb width_unit=\u00a0\u00bbon\u00a0\u00bb global_colors_info=\u00a0\u00bb{}\u00a0\u00bb][\/et_pb_section][et_pb_section fb_built=\u00a0\u00bb1&Prime; admin_label=\u00a0\u00bbSection\u00a0\u00bb _builder_version=\u00a0\u00bb3.22&Prime; global_colors_info=\u00a0\u00bb{}\u00a0\u00bb][et_pb_row admin_label=\u00a0\u00bbLigne\u00a0\u00bb _builder_version=\u00a0\u00bb3.25&Prime; background_size=\u00a0\u00bbinitial\u00a0\u00bb background_position=\u00a0\u00bbtop_left\u00a0\u00bb background_repeat=\u00a0\u00bbrepeat\u00a0\u00bb global_colors_info=\u00a0\u00bb{}\u00a0\u00bb][et_pb_column type=\u00a0\u00bb4_4&Prime; _builder_version=\u00a0\u00bb3.25&Prime; custom_padding=\u00a0\u00bb|||\u00a0\u00bb global_colors_info=\u00a0\u00bb{}\u00a0\u00bb custom_padding__hover=\u00a0\u00bb|||\u00a0\u00bb][et_pb_text admin_label=\u00a0\u00bbTexte\u00a0\u00bb _builder_version=\u00a0\u00bb3.27.4&Prime; background_size=\u00a0\u00bbinitial\u00a0\u00bb background_position=\u00a0\u00bbtop_left\u00a0\u00bb background_repeat=\u00a0\u00bbrepeat\u00a0\u00bb use_border_color=\u00a0\u00bboff\u00a0\u00bb border_color=\u00a0\u00bb#ffffff\u00a0\u00bb border_style=\u00a0\u00bbsolid\u00a0\u00bb global_colors_info=\u00a0\u00bb{}\u00a0\u00bb]<\/p>\n<h1><strong>Le management de la qualit\u00e9<\/strong><\/h1>\n<p>[\/et_pb_text][et_pb_text admin_label=\u00a0\u00bbTexte\u00a0\u00bb _builder_version=\u00a0\u00bb3.27.4&Prime; background_size=\u00a0\u00bbinitial\u00a0\u00bb background_position=\u00a0\u00bbtop_left\u00a0\u00bb background_repeat=\u00a0\u00bbrepeat\u00a0\u00bb use_border_color=\u00a0\u00bboff\u00a0\u00bb border_color=\u00a0\u00bb#ffffff\u00a0\u00bb border_style=\u00a0\u00bbsolid\u00a0\u00bb global_colors_info=\u00a0\u00bb{}\u00a0\u00bb]<\/p>\n<h2>Ma\u00eetrise de nos processus<\/h2>\n<p>Notre syst\u00e8me qualit\u00e9 est con\u00e7u et mis en oeuvre pour permettre \u00e0 notre organisation de r\u00e9pondre aux attentes de nos clients :<\/p>\n<ul>\n<li>Diversit\u00e9, disponibilit\u00e9, maturit\u00e9 et fra\u00eecheur de nos produits<\/li>\n<li>Fiabilit\u00e9, r\u00e9gularit\u00e9 et efficacit\u00e9 des services rendus<\/li>\n<li>R\u00e9activit\u00e9, proximit\u00e9 et professionnalisme de nos \u00e9quipes<\/li>\n<\/ul>\n<p>Certifi\u00e9 ISO 9001, il garantit une mise en oeuvre ma\u00eetris\u00e9e de l&rsquo;ensemble de nos activit\u00e9s :<br \/>\n[\/et_pb_text][\/et_pb_column][\/et_pb_row][et_pb_row column_structure=\u00a0\u00bb1_2,1_2&Prime; admin_label=\u00a0\u00bbLigne\u00a0\u00bb _builder_version=\u00a0\u00bb3.25&Prime; background_size=\u00a0\u00bbinitial\u00a0\u00bb background_position=\u00a0\u00bbtop_left\u00a0\u00bb background_repeat=\u00a0\u00bbrepeat\u00a0\u00bb global_colors_info=\u00a0\u00bb{}\u00a0\u00bb][et_pb_column type=\u00a0\u00bb1_2&Prime; _builder_version=\u00a0\u00bb3.25&Prime; custom_padding=\u00a0\u00bb|||\u00a0\u00bb global_colors_info=\u00a0\u00bb{}\u00a0\u00bb custom_padding__hover=\u00a0\u00bb|||\u00a0\u00bb][et_pb_divider show_divider=\u00a0\u00bboff\u00a0\u00bb disabled_on=\u00a0\u00bbon|on|off\u00a0\u00bb admin_label=\u00a0\u00bbS\u00e9parateur\u00a0\u00bb _builder_version=\u00a0\u00bb3.23.4&Prime; height=\u00a0\u00bb15px\u00a0\u00bb hide_on_mobile=\u00a0\u00bbon\u00a0\u00bb global_colors_info=\u00a0\u00bb{}\u00a0\u00bb] [\/et_pb_divider][et_pb_text admin_label=\u00a0\u00bbTexte\u00a0\u00bb _builder_version=\u00a0\u00bb3.27.4&Prime; background_size=\u00a0\u00bbinitial\u00a0\u00bb background_position=\u00a0\u00bbtop_left\u00a0\u00bb background_repeat=\u00a0\u00bbrepeat\u00a0\u00bb use_border_color=\u00a0\u00bboff\u00a0\u00bb border_color=\u00a0\u00bb#ffffff\u00a0\u00bb border_style=\u00a0\u00bbsolid\u00a0\u00bb global_colors_info=\u00a0\u00bb{}\u00a0\u00bb]<\/p>\n<h2>S\u00e9curit\u00e9 alimentaire<\/h2>\n<ul>\n<li>Maitriser l&rsquo;amont (cahier des charges fournisseurs)<\/li>\n<li>S\u00e9lection et \u00e9valuation des fournisseurs<\/li>\n<li>Plan de ma\u00eetrise sanitaire \/ Plan HACCP<\/li>\n<li>Veille r\u00e9glementaire et surveillance des alertes Europ\u00e9ennes<\/li>\n<li>Tra\u00e7abilit\u00e9 compl\u00e8te du champs \u00e0 l&rsquo;assiette<\/li>\n<\/ul>\n<p>[\/et_pb_text][et_pb_text admin_label=\u00a0\u00bbTexte\u00a0\u00bb _builder_version=\u00a0\u00bb3.27.4&Prime; background_size=\u00a0\u00bbinitial\u00a0\u00bb background_position=\u00a0\u00bbtop_left\u00a0\u00bb background_repeat=\u00a0\u00bbrepeat\u00a0\u00bb use_border_color=\u00a0\u00bboff\u00a0\u00bb border_color=\u00a0\u00bb#ffffff\u00a0\u00bb border_style=\u00a0\u00bbsolid\u00a0\u00bb global_colors_info=\u00a0\u00bb{}\u00a0\u00bb]<\/p>\n<h2>Surveillance du respect de nos engagements<\/h2>\n<ul>\n<li>Suivi mensuel d&rsquo;indicateur qualit\u00e9<\/li>\n<li>Enqu\u00eate de satisfaction client annuelle<\/li>\n<li>R\u00e9alisation audits qualit\u00e9 interne<\/li>\n<li>Plan d&rsquo;analyse phytosanitaire<\/li>\n<li>Suivi statistique personnalis\u00e9 client<\/li>\n<\/ul>\n<p>[\/et_pb_text][\/et_pb_column][et_pb_column type=\u00a0\u00bb1_2&Prime; _builder_version=\u00a0\u00bb3.25&Prime; custom_padding=\u00a0\u00bb|||\u00a0\u00bb global_colors_info=\u00a0\u00bb{}\u00a0\u00bb custom_padding__hover=\u00a0\u00bb|||\u00a0\u00bb][et_pb_image src=\u00a0\u00bbhttp:\/\/www.banabel.fr\/wp-content\/uploads\/2015\/11\/satisfaction-clients.jpg\u00a0\u00bb alt=\u00a0\u00bbsatisfaction client\u00a0\u00bb title_text=\u00a0\u00bbsatisfaction client\u00a0\u00bb show_in_lightbox=\u00a0\u00bbon\u00a0\u00bb align_tablet=\u00a0\u00bbcenter\u00a0\u00bb align_phone=\u00a0\u00bbcenter\u00a0\u00bb align_last_edited=\u00a0\u00bbon|desktop\u00a0\u00bb admin_label=\u00a0\u00bbImage\u00a0\u00bb _builder_version=\u00a0\u00bb3.23&Prime; max_width=\u00a0\u00bb700&Prime; use_border_color=\u00a0\u00bboff\u00a0\u00bb border_color=\u00a0\u00bb#783092&Prime; border_width=\u00a0\u00bb4px\u00a0\u00bb border_style=\u00a0\u00bbsolid\u00a0\u00bb animation=\u00a0\u00bboff\u00a0\u00bb sticky=\u00a0\u00bboff\u00a0\u00bb always_center_on_mobile=\u00a0\u00bbon\u00a0\u00bb global_colors_info=\u00a0\u00bb{}\u00a0\u00bb] [\/et_pb_image][\/et_pb_column][\/et_pb_row][\/et_pb_section][et_pb_section fb_built=\u00a0\u00bb1&Prime; fullwidth=\u00a0\u00bbon\u00a0\u00bb custom_padding_last_edited=\u00a0\u00bbon|desktop\u00a0\u00bb admin_label=\u00a0\u00bbSection\u00a0\u00bb _builder_version=\u00a0\u00bb3.22&Prime; background_image=\u00a0\u00bbhttp:\/\/www.banabel.fr\/wp-content\/uploads\/2015\/11\/chou-vert.jpg\u00a0\u00bb parallax=\u00a0\u00bbon\u00a0\u00bb parallax_method=\u00a0\u00bboff\u00a0\u00bb custom_padding_tablet=\u00a0\u00bb50px|0|50px|0&Prime; custom_padding_phone=\u00a0\u00bb50px|0|50px|0&Prime; custom_css_main_element=\u00a0\u00bbheight:150px\u00a0\u00bb transparent_background=\u00a0\u00bboff\u00a0\u00bb padding_mobile=\u00a0\u00bboff\u00a0\u00bb make_fullwidth=\u00a0\u00bboff\u00a0\u00bb use_custom_width=\u00a0\u00bboff\u00a0\u00bb width_unit=\u00a0\u00bbon\u00a0\u00bb global_colors_info=\u00a0\u00bb{}\u00a0\u00bb][\/et_pb_section][et_pb_section fb_built=\u00a0\u00bb1&Prime; admin_label=\u00a0\u00bbSection\u00a0\u00bb _builder_version=\u00a0\u00bb3.22&Prime; global_colors_info=\u00a0\u00bb{}\u00a0\u00bb][et_pb_row column_structure=\u00a0\u00bb1_5,1_5,1_5,1_5,1_5&Prime; admin_label=\u00a0\u00bbLigne\u00a0\u00bb _builder_version=\u00a0\u00bb3.25&Prime; background_size=\u00a0\u00bbinitial\u00a0\u00bb background_position=\u00a0\u00bbtop_left\u00a0\u00bb background_repeat=\u00a0\u00bbrepeat\u00a0\u00bb global_colors_info=\u00a0\u00bb{}\u00a0\u00bb][et_pb_column type=\u00a0\u00bb1_5&Prime; _builder_version=\u00a0\u00bb3.25&Prime; custom_padding=\u00a0\u00bb|||\u00a0\u00bb global_colors_info=\u00a0\u00bb{}\u00a0\u00bb custom_padding__hover=\u00a0\u00bb|||\u00a0\u00bb][et_pb_image src=\u00a0\u00bbhttp:\/\/www.banabel.fr\/wp-content\/uploads\/2015\/11\/JI.png\u00a0\u00bb alt=\u00a0\u00bbJardin d&rsquo;ICI, vivons local !\u00a0\u00bb title_text=\u00a0\u00bbJardin d&rsquo;ICI, vivons local !\u00a0\u00bb url=\u00a0\u00bbhttp:\/\/www.jardindici.fr\u00a0\u00bb url_new_window=\u00a0\u00bbon\u00a0\u00bb align_tablet=\u00a0\u00bbcenter\u00a0\u00bb align_phone=\u00a0\u00bbcenter\u00a0\u00bb align_last_edited=\u00a0\u00bbon|desktop\u00a0\u00bb admin_label=\u00a0\u00bbImage\u00a0\u00bb _builder_version=\u00a0\u00bb3.23&Prime; max_width=\u00a0\u00bb100px\u00a0\u00bb use_border_color=\u00a0\u00bboff\u00a0\u00bb border_color=\u00a0\u00bb#ffffff\u00a0\u00bb border_style=\u00a0\u00bbsolid\u00a0\u00bb animation=\u00a0\u00bboff\u00a0\u00bb sticky=\u00a0\u00bboff\u00a0\u00bb always_center_on_mobile=\u00a0\u00bbon\u00a0\u00bb global_colors_info=\u00a0\u00bb{}\u00a0\u00bb] [\/et_pb_image][\/et_pb_column][et_pb_column type=\u00a0\u00bb1_5&Prime; _builder_version=\u00a0\u00bb3.25&Prime; custom_padding=\u00a0\u00bb|||\u00a0\u00bb global_colors_info=\u00a0\u00bb{}\u00a0\u00bb custom_padding__hover=\u00a0\u00bb|||\u00a0\u00bb][et_pb_image src=\u00a0\u00bbhttp:\/\/www.banabel.fr\/wp-content\/uploads\/2015\/11\/AB.png\u00a0\u00bb alt=\u00a0\u00bbAgriculture biologique\u00a0\u00bb title_text=\u00a0\u00bbAgriculture biologique\u00a0\u00bb url=\u00a0\u00bbhttp:\/\/www.agencebio.org\/\u00a0\u00bb url_new_window=\u00a0\u00bbon\u00a0\u00bb align_tablet=\u00a0\u00bbcenter\u00a0\u00bb align_phone=\u00a0\u00bbcenter\u00a0\u00bb align_last_edited=\u00a0\u00bbon|desktop\u00a0\u00bb admin_label=\u00a0\u00bbImage\u00a0\u00bb _builder_version=\u00a0\u00bb3.23&Prime; max_width=\u00a0\u00bb100px\u00a0\u00bb use_border_color=\u00a0\u00bboff\u00a0\u00bb border_color=\u00a0\u00bb#ffffff\u00a0\u00bb border_style=\u00a0\u00bbsolid\u00a0\u00bb animation=\u00a0\u00bboff\u00a0\u00bb sticky=\u00a0\u00bboff\u00a0\u00bb always_center_on_mobile=\u00a0\u00bbon\u00a0\u00bb global_colors_info=\u00a0\u00bb{}\u00a0\u00bb] [\/et_pb_image][\/et_pb_column][et_pb_column type=\u00a0\u00bb1_5&Prime; _builder_version=\u00a0\u00bb3.25&Prime; custom_padding=\u00a0\u00bb|||\u00a0\u00bb global_colors_info=\u00a0\u00bb{}\u00a0\u00bb custom_padding__hover=\u00a0\u00bb|||\u00a0\u00bb][et_pb_image src=\u00a0\u00bbhttp:\/\/www.banabel.fr\/wp-content\/uploads\/2015\/11\/BIO-EUROPE.png\u00a0\u00bb alt=\u00a0\u00bblogo europ\u00e9en agriculture biologique\u00a0\u00bb title_text=\u00a0\u00bblogo europ\u00e9en agriculture biologique\u00a0\u00bb url=\u00a0\u00bbhttp:\/\/www.agencebio.org\/\u00a0\u00bb url_new_window=\u00a0\u00bbon\u00a0\u00bb align_tablet=\u00a0\u00bbcenter\u00a0\u00bb align_phone=\u00a0\u00bbcenter\u00a0\u00bb align_last_edited=\u00a0\u00bbon|desktop\u00a0\u00bb admin_label=\u00a0\u00bbImage\u00a0\u00bb _builder_version=\u00a0\u00bb3.23&Prime; max_width=\u00a0\u00bb100px\u00a0\u00bb use_border_color=\u00a0\u00bboff\u00a0\u00bb border_color=\u00a0\u00bb#ffffff\u00a0\u00bb border_style=\u00a0\u00bbsolid\u00a0\u00bb animation=\u00a0\u00bboff\u00a0\u00bb sticky=\u00a0\u00bboff\u00a0\u00bb always_center_on_mobile=\u00a0\u00bbon\u00a0\u00bb global_colors_info=\u00a0\u00bb{}\u00a0\u00bb] [\/et_pb_image][\/et_pb_column][et_pb_column type=\u00a0\u00bb1_5&Prime; _builder_version=\u00a0\u00bb3.25&Prime; custom_padding=\u00a0\u00bb|||\u00a0\u00bb global_colors_info=\u00a0\u00bb{}\u00a0\u00bb custom_padding__hover=\u00a0\u00bb|||\u00a0\u00bb][et_pb_image src=\u00a0\u00bbhttp:\/\/www.banabel.fr\/wp-content\/uploads\/2015\/11\/AFAQ.png\u00a0\u00bb alt=\u00a0\u00bbAFAQ ISO 9001&Prime; title_text=\u00a0\u00bbAFAQ ISO 9001&Prime; url=\u00a0\u00bbhttp:\/\/www.afnor.org\/\u00a0\u00bb url_new_window=\u00a0\u00bbon\u00a0\u00bb align_tablet=\u00a0\u00bbcenter\u00a0\u00bb align_phone=\u00a0\u00bbcenter\u00a0\u00bb align_last_edited=\u00a0\u00bbon|desktop\u00a0\u00bb admin_label=\u00a0\u00bbImage\u00a0\u00bb _builder_version=\u00a0\u00bb3.23&Prime; max_width=\u00a0\u00bb100px\u00a0\u00bb hover_enabled=\u00a0\u00bb0&Prime; use_border_color=\u00a0\u00bboff\u00a0\u00bb border_color=\u00a0\u00bb#ffffff\u00a0\u00bb border_style=\u00a0\u00bbsolid\u00a0\u00bb animation=\u00a0\u00bboff\u00a0\u00bb sticky=\u00a0\u00bboff\u00a0\u00bb always_center_on_mobile=\u00a0\u00bbon\u00a0\u00bb global_colors_info=\u00a0\u00bb{}\u00a0\u00bb sticky_enabled=\u00a0\u00bb0&Prime;] [\/et_pb_image][\/et_pb_column][et_pb_column type=\u00a0\u00bb1_5&Prime; _builder_version=\u00a0\u00bb3.25&Prime; custom_padding=\u00a0\u00bb|||\u00a0\u00bb global_colors_info=\u00a0\u00bb{}\u00a0\u00bb custom_padding__hover=\u00a0\u00bb|||\u00a0\u00bb][et_pb_image src=\u00a0\u00bbhttp:\/\/www.banabel.fr\/wp-content\/uploads\/2022\/11\/Fel-partenariat.jpg\u00a0\u00bb _builder_version=\u00a0\u00bb4.11.4&Prime; _module_preset=\u00a0\u00bbdefault\u00a0\u00bb alt=\u00a0\u00bbFel Partenariat\u00a0\u00bb hover_enabled=\u00a0\u00bb0&Prime; sticky_enabled=\u00a0\u00bb0&Prime; width=\u00a0\u00bb52%\u00a0\u00bb][\/et_pb_image][\/et_pb_column][\/et_pb_row][\/et_pb_section][et_pb_section fb_built=\u00a0\u00bb1&Prime; fullwidth=\u00a0\u00bbon\u00a0\u00bb custom_padding_last_edited=\u00a0\u00bbon|desktop\u00a0\u00bb admin_label=\u00a0\u00bbSection\u00a0\u00bb _builder_version=\u00a0\u00bb3.22&Prime; background_image=\u00a0\u00bbhttp:\/\/www.banabel.fr\/wp-content\/uploads\/2015\/11\/chou-vert.jpg\u00a0\u00bb parallax=\u00a0\u00bbon\u00a0\u00bb parallax_method=\u00a0\u00bboff\u00a0\u00bb custom_padding_tablet=\u00a0\u00bb50px|0|50px|0&Prime; custom_padding_phone=\u00a0\u00bb50px|0|50px|0&Prime; custom_css_main_element=\u00a0\u00bbheight:150px\u00a0\u00bb transparent_background=\u00a0\u00bboff\u00a0\u00bb padding_mobile=\u00a0\u00bboff\u00a0\u00bb make_fullwidth=\u00a0\u00bboff\u00a0\u00bb use_custom_width=\u00a0\u00bboff\u00a0\u00bb width_unit=\u00a0\u00bbon\u00a0\u00bb global_colors_info=\u00a0\u00bb{}\u00a0\u00bb][\/et_pb_section]<\/p>\n","protected":false},"excerpt":{"rendered":"<p>Le management de la qualit\u00e9 Ma\u00eetrise de nos processus Notre syst\u00e8me qualit\u00e9 est con\u00e7u et mis en oeuvre pour permettre \u00e0 notre organisation de r\u00e9pondre aux attentes de nos clients : Diversit\u00e9, disponibilit\u00e9, maturit\u00e9 et fra\u00eecheur de nos produits Fiabilit\u00e9, r\u00e9gularit\u00e9 et efficacit\u00e9 des services rendus R\u00e9activit\u00e9, proximit\u00e9 et professionnalisme de nos \u00e9quipes Certifi\u00e9 ISO [&hellip;]<\/p>\n","protected":false},"author":1,"featured_media":0,"parent":0,"menu_order":0,"comment_status":"closed","ping_status":"closed","template":"","meta":{"_et_pb_use_builder":"on","_et_pb_old_content":"","_et_gb_content_width":""},"yoast_head":"<!-- This site is optimized with the Yoast SEO plugin v18.6 - https:\/\/yoast.com\/wordpress\/plugins\/seo\/ -->\n<title>Des engagements qualit\u00e9 forts | Banabel<\/title>\n<meta name=\"description\" content=\"Banabel s&#039;inscrit dans une d\u00e9marche qualit\u00e9 pouss\u00e9e afin de satisfaire l&#039;ensemble de ses clients. D\u00e9couvrez nos engagements qualit\u00e9 en cliquant ici..\" \/>\n<meta name=\"robots\" content=\"index, follow, max-snippet:-1, max-image-preview:large, max-video-preview:-1\" \/>\n<link rel=\"canonical\" href=\"http:\/\/www.mag-fruits.fr\/index.php\/engagements-qualite\/\" \/>\n<meta property=\"og:locale\" content=\"fr_FR\" \/>\n<meta property=\"og:type\" content=\"article\" \/>\n<meta property=\"og:title\" content=\"Des engagements qualit\u00e9 forts | Banabel\" \/>\n<meta property=\"og:description\" content=\"Banabel s&#039;inscrit dans une d\u00e9marche qualit\u00e9 pouss\u00e9e afin de satisfaire l&#039;ensemble de ses clients. D\u00e9couvrez nos engagements qualit\u00e9 en cliquant ici..\" \/>\n<meta property=\"og:url\" content=\"http:\/\/www.mag-fruits.fr\/index.php\/engagements-qualite\/\" \/>\n<meta property=\"og:site_name\" content=\"Banabel\" \/>\n<meta property=\"article:modified_time\" content=\"2022-11-09T15:00:55+00:00\" \/>\n<meta name=\"twitter:card\" content=\"summary\" \/>\n<meta name=\"twitter:label1\" content=\"Dur\u00e9e de lecture estim\u00e9e\" \/>\n\t<meta name=\"twitter:data1\" content=\"6 minutes\" \/>\n<script type=\"application\/ld+json\" class=\"yoast-schema-graph\">{\"@context\":\"https:\/\/schema.org\",\"@graph\":[{\"@type\":\"WebSite\",\"@id\":\"https:\/\/www.banabel.fr\/#website\",\"url\":\"https:\/\/www.banabel.fr\/\",\"name\":\"Banabel\",\"description\":\"Au coeur du frais\",\"potentialAction\":[{\"@type\":\"SearchAction\",\"target\":{\"@type\":\"EntryPoint\",\"urlTemplate\":\"https:\/\/www.banabel.fr\/?s={search_term_string}\"},\"query-input\":\"required name=search_term_string\"}],\"inLanguage\":\"fr-FR\"},{\"@type\":\"WebPage\",\"@id\":\"http:\/\/www.mag-fruits.fr\/index.php\/engagements-qualite\/#webpage\",\"url\":\"http:\/\/www.mag-fruits.fr\/index.php\/engagements-qualite\/\",\"name\":\"Des engagements qualit\u00e9 forts | Banabel\",\"isPartOf\":{\"@id\":\"https:\/\/www.banabel.fr\/#website\"},\"datePublished\":\"2015-11-24T09:24:11+00:00\",\"dateModified\":\"2022-11-09T15:00:55+00:00\",\"description\":\"Banabel s'inscrit dans une d\u00e9marche qualit\u00e9 pouss\u00e9e afin de satisfaire l'ensemble de ses clients. D\u00e9couvrez nos engagements qualit\u00e9 en cliquant ici..\",\"breadcrumb\":{\"@id\":\"http:\/\/www.mag-fruits.fr\/index.php\/engagements-qualite\/#breadcrumb\"},\"inLanguage\":\"fr-FR\",\"potentialAction\":[{\"@type\":\"ReadAction\",\"target\":[\"http:\/\/www.mag-fruits.fr\/index.php\/engagements-qualite\/\"]}]},{\"@type\":\"BreadcrumbList\",\"@id\":\"http:\/\/www.mag-fruits.fr\/index.php\/engagements-qualite\/#breadcrumb\",\"itemListElement\":[{\"@type\":\"ListItem\",\"position\":1,\"name\":\"Accueil\",\"item\":\"https:\/\/www.banabel.fr\/\"},{\"@type\":\"ListItem\",\"position\":2,\"name\":\"Engagements qualit\u00e9\"}]}]}<\/script>\n<!-- \/ Yoast SEO plugin. -->","yoast_head_json":{"title":"Des engagements qualit\u00e9 forts | Banabel","description":"Banabel s'inscrit dans une d\u00e9marche qualit\u00e9 pouss\u00e9e afin de satisfaire l'ensemble de ses clients. D\u00e9couvrez nos engagements qualit\u00e9 en cliquant ici..","robots":{"index":"index","follow":"follow","max-snippet":"max-snippet:-1","max-image-preview":"max-image-preview:large","max-video-preview":"max-video-preview:-1"},"canonical":"http:\/\/www.mag-fruits.fr\/index.php\/engagements-qualite\/","og_locale":"fr_FR","og_type":"article","og_title":"Des engagements qualit\u00e9 forts | Banabel","og_description":"Banabel s'inscrit dans une d\u00e9marche qualit\u00e9 pouss\u00e9e afin de satisfaire l'ensemble de ses clients. D\u00e9couvrez nos engagements qualit\u00e9 en cliquant ici..","og_url":"http:\/\/www.mag-fruits.fr\/index.php\/engagements-qualite\/","og_site_name":"Banabel","article_modified_time":"2022-11-09T15:00:55+00:00","twitter_card":"summary","twitter_misc":{"Dur\u00e9e de lecture estim\u00e9e":"6 minutes"},"schema":{"@context":"https:\/\/schema.org","@graph":[{"@type":"WebSite","@id":"https:\/\/www.banabel.fr\/#website","url":"https:\/\/www.banabel.fr\/","name":"Banabel","description":"Au coeur du frais","potentialAction":[{"@type":"SearchAction","target":{"@type":"EntryPoint","urlTemplate":"https:\/\/www.banabel.fr\/?s={search_term_string}"},"query-input":"required name=search_term_string"}],"inLanguage":"fr-FR"},{"@type":"WebPage","@id":"http:\/\/www.mag-fruits.fr\/index.php\/engagements-qualite\/#webpage","url":"http:\/\/www.mag-fruits.fr\/index.php\/engagements-qualite\/","name":"Des engagements qualit\u00e9 forts | Banabel","isPartOf":{"@id":"https:\/\/www.banabel.fr\/#website"},"datePublished":"2015-11-24T09:24:11+00:00","dateModified":"2022-11-09T15:00:55+00:00","description":"Banabel s'inscrit dans une d\u00e9marche qualit\u00e9 pouss\u00e9e afin de satisfaire l'ensemble de ses clients. D\u00e9couvrez nos engagements qualit\u00e9 en cliquant ici..","breadcrumb":{"@id":"http:\/\/www.mag-fruits.fr\/index.php\/engagements-qualite\/#breadcrumb"},"inLanguage":"fr-FR","potentialAction":[{"@type":"ReadAction","target":["http:\/\/www.mag-fruits.fr\/index.php\/engagements-qualite\/"]}]},{"@type":"BreadcrumbList","@id":"http:\/\/www.mag-fruits.fr\/index.php\/engagements-qualite\/#breadcrumb","itemListElement":[{"@type":"ListItem","position":1,"name":"Accueil","item":"https:\/\/www.banabel.fr\/"},{"@type":"ListItem","position":2,"name":"Engagements qualit\u00e9"}]}]}},"_links":{"self":[{"href":"https:\/\/www.banabel.fr\/index.php\/wp-json\/wp\/v2\/pages\/107"}],"collection":[{"href":"https:\/\/www.banabel.fr\/index.php\/wp-json\/wp\/v2\/pages"}],"about":[{"href":"https:\/\/www.banabel.fr\/index.php\/wp-json\/wp\/v2\/types\/page"}],"author":[{"embeddable":true,"href":"https:\/\/www.banabel.fr\/index.php\/wp-json\/wp\/v2\/users\/1"}],"replies":[{"embeddable":true,"href":"https:\/\/www.banabel.fr\/index.php\/wp-json\/wp\/v2\/comments?post=107"}],"version-history":[{"count":38,"href":"https:\/\/www.banabel.fr\/index.php\/wp-json\/wp\/v2\/pages\/107\/revisions"}],"predecessor-version":[{"id":1174,"href":"https:\/\/www.banabel.fr\/index.php\/wp-json\/wp\/v2\/pages\/107\/revisions\/1174"}],"wp:attachment":[{"href":"https:\/\/www.banabel.fr\/index.php\/wp-json\/wp\/v2\/media?parent=107"}],"curies":[{"name":"wp","href":"https:\/\/api.w.org\/{rel}","templated":true}]}}