{"id":97,"date":"2015-11-24T10:22:52","date_gmt":"2015-11-24T09:22:52","guid":{"rendered":"http:\/\/www.banabel.fr\/?page_id=97"},"modified":"2016-07-20T09:10:13","modified_gmt":"2016-07-20T08:10:13","slug":"offre-gms","status":"publish","type":"page","link":"https:\/\/www.banabel.fr\/index.php\/offre-gms\/","title":{"rendered":"Offre GMS"},"content":{"rendered":"<p>[et_pb_section admin_label=\u00a0\u00bbsection\u00a0\u00bb background_image=\u00a0\u00bbhttp:\/\/www.banabel.fr\/wp-content\/uploads\/2015\/12\/GMS1.jpg\u00a0\u00bb transparent_background=\u00a0\u00bboff\u00a0\u00bb allow_player_pause=\u00a0\u00bboff\u00a0\u00bb inner_shadow=\u00a0\u00bboff\u00a0\u00bb parallax=\u00a0\u00bboff\u00a0\u00bb parallax_method=\u00a0\u00bboff\u00a0\u00bb padding_mobile=\u00a0\u00bboff\u00a0\u00bb make_fullwidth=\u00a0\u00bboff\u00a0\u00bb use_custom_width=\u00a0\u00bboff\u00a0\u00bb width_unit=\u00a0\u00bbon\u00a0\u00bb make_equal=\u00a0\u00bboff\u00a0\u00bb use_custom_gutter=\u00a0\u00bboff\u00a0\u00bb custom_css_main_element=\u00a0\u00bbheight:50px\u00a0\u00bb][et_pb_row admin_label=\u00a0\u00bbrow\u00a0\u00bb][\/et_pb_row][\/et_pb_section][et_pb_section admin_label=\u00a0\u00bbSection\u00a0\u00bb fullwidth=\u00a0\u00bboff\u00a0\u00bb specialty=\u00a0\u00bbon\u00a0\u00bb][et_pb_column type=\u00a0\u00bb3_4&Prime; specialty_columns=\u00a0\u00bb3&Prime;][et_pb_row_inner admin_label=\u00a0\u00bbLigne\u00a0\u00bb][et_pb_column_inner type=\u00a0\u00bb4_4&Prime; saved_specialty_column_type=\u00a0\u00bb3_4&Prime;][et_pb_text admin_label=\u00a0\u00bbTexte\u00a0\u00bb background_layout=\u00a0\u00bblight\u00a0\u00bb text_orientation=\u00a0\u00bbleft\u00a0\u00bb use_border_color=\u00a0\u00bboff\u00a0\u00bb border_color=\u00a0\u00bb#ffffff\u00a0\u00bb border_style=\u00a0\u00bbsolid\u00a0\u00bb]<\/p>\n<h1>Les grandes et moyennes surfaces (GMS) et sp\u00e9cialistes<\/h1>\n<p>[\/et_pb_text][et_pb_text admin_label=\u00a0\u00bbTexte\u00a0\u00bb background_layout=\u00a0\u00bblight\u00a0\u00bb text_orientation=\u00a0\u00bbleft\u00a0\u00bb use_border_color=\u00a0\u00bboff\u00a0\u00bb border_color=\u00a0\u00bb#ffffff\u00a0\u00bb border_style=\u00a0\u00bbsolid\u00a0\u00bb]<\/p>\n<p style=\"text-align: justify;\">Nous distribuons un large choix de<strong> fruits et l\u00e9gumes frais<\/strong> ainsi qu&rsquo;une gamme de <strong>produits pr\u00eats \u00e0 l&#8217;emploi<\/strong> (fruits d\u00e9coup\u00e9s : fraich&rsquo;d\u00e9coupe ; salade en sachet ; betterave\/pomme de terre sous vide ; olives ; fruits secs&#8230;) aux grandes et moyennes surfaces (GMS) et magasins sp\u00e9cialis\u00e9s.<\/p>\n<p style=\"text-align: justify;\">De plus nous commercialisons depuis de nombreuses ann\u00e9es, des <strong>marques reconnues<\/strong> par les consommateurs : Sav\u00e9ol, Prince de Bretagne, Soldive&#8230;<\/p>\n<p style=\"text-align: justify;\">Conscients de l&rsquo;exigence de vos clients, nous proposons une<strong> gamme compl\u00e8te et vari\u00e9e<\/strong> (provenances, conditionnement, vari\u00e9t\u00e9s&#8230;). Nos acheteurs apportent une attention particuli\u00e8re quant \u00e0 la <strong>qualit\u00e9<\/strong> de nos produits.<\/p>\n<p>[\/et_pb_text][\/et_pb_column_inner][\/et_pb_row_inner][et_pb_row_inner admin_label=\u00a0\u00bbLigne\u00a0\u00bb][et_pb_column_inner type=\u00a0\u00bb1_3&Prime; saved_specialty_column_type=\u00a0\u00bb3_4&Prime;][et_pb_blurb admin_label=\u00a0\u00bbR\u00e9sum\u00e9\u00a0\u00bb url_new_window=\u00a0\u00bboff\u00a0\u00bb use_icon=\u00a0\u00bbon\u00a0\u00bb font_icon=\u00a0\u00bb%%86%%\u00a0\u00bb icon_color=\u00a0\u00bb#9ccb3b\u00a0\u00bb use_circle=\u00a0\u00bboff\u00a0\u00bb circle_color=\u00a0\u00bb#783092&Prime; use_circle_border=\u00a0\u00bboff\u00a0\u00bb circle_border_color=\u00a0\u00bb#783092&Prime; icon_placement=\u00a0\u00bbtop\u00a0\u00bb animation=\u00a0\u00bboff\u00a0\u00bb background_layout=\u00a0\u00bblight\u00a0\u00bb text_orientation=\u00a0\u00bbleft\u00a0\u00bb use_icon_font_size=\u00a0\u00bboff\u00a0\u00bb use_border_color=\u00a0\u00bboff\u00a0\u00bb border_color=\u00a0\u00bb#ffffff\u00a0\u00bb border_style=\u00a0\u00bbsolid\u00a0\u00bb]<\/p>\n<p style=\"text-align: center;\"><strong>Un interlocuteur pour vous conseiller sur la saisonnalit\u00e9 des produits.<\/strong><\/p>\n<p>[\/et_pb_blurb][\/et_pb_column_inner][et_pb_column_inner type=\u00a0\u00bb1_3&Prime; saved_specialty_column_type=\u00a0\u00bb3_4&Prime;][et_pb_blurb admin_label=\u00a0\u00bbR\u00e9sum\u00e9\u00a0\u00bb url_new_window=\u00a0\u00bboff\u00a0\u00bb use_icon=\u00a0\u00bbon\u00a0\u00bb font_icon=\u00a0\u00bb%%114%%\u00a0\u00bb icon_color=\u00a0\u00bb#9ccb3b\u00a0\u00bb use_circle=\u00a0\u00bboff\u00a0\u00bb circle_color=\u00a0\u00bb#783092&Prime; use_circle_border=\u00a0\u00bboff\u00a0\u00bb circle_border_color=\u00a0\u00bb#783092&Prime; icon_placement=\u00a0\u00bbtop\u00a0\u00bb animation=\u00a0\u00bboff\u00a0\u00bb background_layout=\u00a0\u00bblight\u00a0\u00bb text_orientation=\u00a0\u00bbleft\u00a0\u00bb use_icon_font_size=\u00a0\u00bboff\u00a0\u00bb use_border_color=\u00a0\u00bboff\u00a0\u00bb border_color=\u00a0\u00bb#ffffff\u00a0\u00bb border_style=\u00a0\u00bbsolid\u00a0\u00bb]<\/p>\n<p style=\"text-align: center;\"><strong>Des th\u00e9\u00e2tralisations r\u00e9guli\u00e8res pour animer votre rayon.<\/strong><\/p>\n<p>[\/et_pb_blurb][\/et_pb_column_inner][et_pb_column_inner type=\u00a0\u00bb1_3&Prime; saved_specialty_column_type=\u00a0\u00bb3_4&Prime;][et_pb_blurb admin_label=\u00a0\u00bbR\u00e9sum\u00e9\u00a0\u00bb url_new_window=\u00a0\u00bboff\u00a0\u00bb use_icon=\u00a0\u00bbon\u00a0\u00bb font_icon=\u00a0\u00bb%%158%%\u00a0\u00bb icon_color=\u00a0\u00bb#9ccb3b\u00a0\u00bb use_circle=\u00a0\u00bboff\u00a0\u00bb circle_color=\u00a0\u00bb#783092&Prime; use_circle_border=\u00a0\u00bboff\u00a0\u00bb circle_border_color=\u00a0\u00bb#783092&Prime; icon_placement=\u00a0\u00bbtop\u00a0\u00bb animation=\u00a0\u00bboff\u00a0\u00bb background_layout=\u00a0\u00bblight\u00a0\u00bb text_orientation=\u00a0\u00bbleft\u00a0\u00bb use_icon_font_size=\u00a0\u00bboff\u00a0\u00bb use_border_color=\u00a0\u00bboff\u00a0\u00bb border_color=\u00a0\u00bb#ffffff\u00a0\u00bb border_style=\u00a0\u00bbsolid\u00a0\u00bb]<\/p>\n<p style=\"text-align: center;\"><strong>Des opportunit\u00e9s chaque semaine pour dynamiser vos ventes.<\/strong><\/p>\n<p>[\/et_pb_blurb][\/et_pb_column_inner][\/et_pb_row_inner][et_pb_row_inner admin_label=\u00a0\u00bbLigne\u00a0\u00bb][et_pb_column_inner type=\u00a0\u00bb4_4&Prime; saved_specialty_column_type=\u00a0\u00bb3_4&Prime;][et_pb_gallery admin_label=\u00a0\u00bbGalerie\u00a0\u00bb gallery_ids=\u00a0\u00bb983,978,980&Prime; fullwidth=\u00a0\u00bbon\u00a0\u00bb show_title_and_caption=\u00a0\u00bboff\u00a0\u00bb show_pagination=\u00a0\u00bboff\u00a0\u00bb background_layout=\u00a0\u00bbdark\u00a0\u00bb auto=\u00a0\u00bbon\u00a0\u00bb hover_overlay_color=\u00a0\u00bbrgba(255,255,255,0.9)\u00a0\u00bb caption_all_caps=\u00a0\u00bboff\u00a0\u00bb use_border_color=\u00a0\u00bboff\u00a0\u00bb border_color=\u00a0\u00bb#ffffff\u00a0\u00bb border_style=\u00a0\u00bbsolid\u00a0\u00bb custom_css_main_element=\u00a0\u00bbheight:470px\u00a0\u00bb auto_speed=\u00a0\u00bb4000&Prime;] [\/et_pb_gallery][\/et_pb_column_inner][\/et_pb_row_inner][\/et_pb_column][et_pb_column type=\u00a0\u00bb1_4&Prime;][et_pb_text admin_label=\u00a0\u00bbTexte\u00a0\u00bb background_layout=\u00a0\u00bbdark\u00a0\u00bb text_orientation=\u00a0\u00bbleft\u00a0\u00bb use_border_color=\u00a0\u00bbon\u00a0\u00bb border_color=\u00a0\u00bb#783092&Prime; border_style=\u00a0\u00bbsolid\u00a0\u00bb background_color=\u00a0\u00bb#783092&Prime; border_width=\u00a0\u00bb14px\u00a0\u00bb]<\/p>\n<h2 style=\"text-align: left;\">Conseil et communication<\/h2>\n<p style=\"text-align: left;\">Toute l&rsquo;ann\u00e9e nous mettons en place des <strong>outils de communication<\/strong> aupr\u00e8s de vos clients pour <strong>valoriser la qualit\u00e9<\/strong> des produits propos\u00e9s.<\/p>\n<p style=\"text-align: left;\">Notre d\u00e9marche \u00ab\u00a0<span style=\"color: #ffffff;\"><strong><a style=\"color: #ffffff;\" href=\"http:\/\/www.jardindici.fr\">Jardin d&rsquo;ICI<\/a><\/strong><\/span>\u00a0\u00bb met en avant les produits de r\u00e9gions au rythme des saisons.<\/p>\n<p style=\"text-align: left;\">Par leur pr\u00e9sence, nos \u00e9quipes s&rsquo;investissent pour <strong>mettre en avant vos rayons<\/strong> et <strong>dynamiser vos ventes<\/strong> :<\/p>\n<ul style=\"text-align: left;\">\n<li>Th\u00e9\u00e2tralisations<\/li>\n<li>Animations th\u00e9matiques<\/li>\n<li>D\u00e9gustations<\/li>\n<li>Mises en avant des produits locaux<\/li>\n<\/ul>\n<p style=\"text-align: left;\">Nous participons ou visitons r\u00e9guli\u00e8rement des salons professionnels internationaux dans lesquels nous puisons les derni\u00e8res tendances afin d&rsquo;\u00eatre <strong>innovants<\/strong> et <strong>force de proposition<\/strong> dans nos gammes.<\/p>\n<p>[\/et_pb_text][et_pb_text admin_label=\u00a0\u00bbTexte\u00a0\u00bb background_layout=\u00a0\u00bblight\u00a0\u00bb text_orientation=\u00a0\u00bbleft\u00a0\u00bb background_color=\u00a0\u00bb#9ccb3b\u00a0\u00bb use_border_color=\u00a0\u00bbon\u00a0\u00bb border_color=\u00a0\u00bb#9ccb3b\u00a0\u00bb border_width=\u00a0\u00bb14px\u00a0\u00bb border_style=\u00a0\u00bbsolid\u00a0\u00bb text_text_color=\u00a0\u00bb#ffffff\u00a0\u00bb]<\/p>\n<p style=\"text-align: left;\"><strong>Pour plus d&rsquo;informations, notre \u00e9quipe\u00a0se tient \u00e0 votre disposition au 05.49.41.06.39<\/strong>.<\/p>\n<p style=\"text-align: left;\"><strong>Vous pouvez \u00e9galement nous\u00a0contacter via le<span style=\"text-decoration: underline;\"><a href=\"http:\/\/www.banabel.fr\/index.php\/formulaire-de-contact-gms\/\"><span style=\"color: #ffffff; text-decoration: underline;\"> formulaire de contact<\/span><\/a><\/span>.<\/strong><\/p>\n<p>[\/et_pb_text][\/et_pb_column][\/et_pb_section]<\/p>\n","protected":false},"excerpt":{"rendered":"<p>Les grandes et moyennes surfaces (GMS) et sp\u00e9cialistes Nous distribuons un large choix de fruits et l\u00e9gumes frais ainsi qu&rsquo;une gamme de produits pr\u00eats \u00e0 l&#8217;emploi (fruits d\u00e9coup\u00e9s : fraich&rsquo;d\u00e9coupe ; salade en sachet ; betterave\/pomme de terre sous vide ; olives ; fruits secs&#8230;) aux grandes et moyennes surfaces (GMS) et magasins sp\u00e9cialis\u00e9s. De [&hellip;]<\/p>\n","protected":false},"author":1,"featured_media":0,"parent":0,"menu_order":0,"comment_status":"closed","ping_status":"closed","template":"","meta":{"_et_pb_use_builder":"on","_et_pb_old_content":"","_et_gb_content_width":""},"yoast_head":"<!-- This site is optimized with the Yoast SEO plugin v18.6 - https:\/\/yoast.com\/wordpress\/plugins\/seo\/ -->\n<title>Offre GMS | Banabel - Au c\u0153ur du frais<\/title>\n<meta name=\"description\" content=\"D\u00e9couvrez l&#039;offre de Banabel, distributeur de fruits et l\u00e9gumes au service des grandes et moyennes surfaces\u00a0(GMS)\u00a0et des magasins sp\u00e9cialis\u00e9s.\" \/>\n<meta name=\"robots\" content=\"index, follow, max-snippet:-1, max-image-preview:large, max-video-preview:-1\" \/>\n<link rel=\"canonical\" href=\"http:\/\/www.mag-fruits.fr\/index.php\/offre-gms\/\" \/>\n<meta property=\"og:locale\" content=\"fr_FR\" \/>\n<meta property=\"og:type\" content=\"article\" \/>\n<meta property=\"og:title\" content=\"Offre GMS | Banabel - Au c\u0153ur du frais\" \/>\n<meta property=\"og:description\" content=\"D\u00e9couvrez l&#039;offre de Banabel, distributeur de fruits et l\u00e9gumes au service des grandes et moyennes surfaces\u00a0(GMS)\u00a0et des magasins sp\u00e9cialis\u00e9s.\" \/>\n<meta property=\"og:url\" content=\"http:\/\/www.mag-fruits.fr\/index.php\/offre-gms\/\" \/>\n<meta property=\"og:site_name\" content=\"Banabel\" \/>\n<meta property=\"article:modified_time\" content=\"2016-07-20T08:10:13+00:00\" \/>\n<meta name=\"twitter:card\" content=\"summary\" \/>\n<meta name=\"twitter:label1\" content=\"Dur\u00e9e de lecture estim\u00e9e\" \/>\n\t<meta name=\"twitter:data1\" content=\"4 minutes\" \/>\n<script type=\"application\/ld+json\" class=\"yoast-schema-graph\">{\"@context\":\"https:\/\/schema.org\",\"@graph\":[{\"@type\":\"WebSite\",\"@id\":\"https:\/\/www.banabel.fr\/#website\",\"url\":\"https:\/\/www.banabel.fr\/\",\"name\":\"Banabel\",\"description\":\"Au coeur du frais\",\"potentialAction\":[{\"@type\":\"SearchAction\",\"target\":{\"@type\":\"EntryPoint\",\"urlTemplate\":\"https:\/\/www.banabel.fr\/?s={search_term_string}\"},\"query-input\":\"required name=search_term_string\"}],\"inLanguage\":\"fr-FR\"},{\"@type\":\"WebPage\",\"@id\":\"http:\/\/www.mag-fruits.fr\/index.php\/offre-gms\/#webpage\",\"url\":\"http:\/\/www.mag-fruits.fr\/index.php\/offre-gms\/\",\"name\":\"Offre GMS | Banabel - Au c\u0153ur du frais\",\"isPartOf\":{\"@id\":\"https:\/\/www.banabel.fr\/#website\"},\"datePublished\":\"2015-11-24T09:22:52+00:00\",\"dateModified\":\"2016-07-20T08:10:13+00:00\",\"description\":\"D\u00e9couvrez l'offre de Banabel, distributeur de fruits et l\u00e9gumes au service des grandes et moyennes surfaces\u00a0(GMS)\u00a0et des magasins sp\u00e9cialis\u00e9s.\",\"breadcrumb\":{\"@id\":\"http:\/\/www.mag-fruits.fr\/index.php\/offre-gms\/#breadcrumb\"},\"inLanguage\":\"fr-FR\",\"potentialAction\":[{\"@type\":\"ReadAction\",\"target\":[\"http:\/\/www.mag-fruits.fr\/index.php\/offre-gms\/\"]}]},{\"@type\":\"BreadcrumbList\",\"@id\":\"http:\/\/www.mag-fruits.fr\/index.php\/offre-gms\/#breadcrumb\",\"itemListElement\":[{\"@type\":\"ListItem\",\"position\":1,\"name\":\"Accueil\",\"item\":\"https:\/\/www.banabel.fr\/\"},{\"@type\":\"ListItem\",\"position\":2,\"name\":\"Offre GMS\"}]}]}<\/script>\n<!-- \/ Yoast SEO plugin. -->","yoast_head_json":{"title":"Offre GMS | Banabel - Au c\u0153ur du frais","description":"D\u00e9couvrez l'offre de Banabel, distributeur de fruits et l\u00e9gumes au service des grandes et moyennes surfaces\u00a0(GMS)\u00a0et des magasins sp\u00e9cialis\u00e9s.","robots":{"index":"index","follow":"follow","max-snippet":"max-snippet:-1","max-image-preview":"max-image-preview:large","max-video-preview":"max-video-preview:-1"},"canonical":"http:\/\/www.mag-fruits.fr\/index.php\/offre-gms\/","og_locale":"fr_FR","og_type":"article","og_title":"Offre GMS | Banabel - Au c\u0153ur du frais","og_description":"D\u00e9couvrez l'offre de Banabel, distributeur de fruits et l\u00e9gumes au service des grandes et moyennes surfaces\u00a0(GMS)\u00a0et des magasins sp\u00e9cialis\u00e9s.","og_url":"http:\/\/www.mag-fruits.fr\/index.php\/offre-gms\/","og_site_name":"Banabel","article_modified_time":"2016-07-20T08:10:13+00:00","twitter_card":"summary","twitter_misc":{"Dur\u00e9e de lecture estim\u00e9e":"4 minutes"},"schema":{"@context":"https:\/\/schema.org","@graph":[{"@type":"WebSite","@id":"https:\/\/www.banabel.fr\/#website","url":"https:\/\/www.banabel.fr\/","name":"Banabel","description":"Au coeur du frais","potentialAction":[{"@type":"SearchAction","target":{"@type":"EntryPoint","urlTemplate":"https:\/\/www.banabel.fr\/?s={search_term_string}"},"query-input":"required name=search_term_string"}],"inLanguage":"fr-FR"},{"@type":"WebPage","@id":"http:\/\/www.mag-fruits.fr\/index.php\/offre-gms\/#webpage","url":"http:\/\/www.mag-fruits.fr\/index.php\/offre-gms\/","name":"Offre GMS | Banabel - Au c\u0153ur du frais","isPartOf":{"@id":"https:\/\/www.banabel.fr\/#website"},"datePublished":"2015-11-24T09:22:52+00:00","dateModified":"2016-07-20T08:10:13+00:00","description":"D\u00e9couvrez l'offre de Banabel, distributeur de fruits et l\u00e9gumes au service des grandes et moyennes surfaces\u00a0(GMS)\u00a0et des magasins sp\u00e9cialis\u00e9s.","breadcrumb":{"@id":"http:\/\/www.mag-fruits.fr\/index.php\/offre-gms\/#breadcrumb"},"inLanguage":"fr-FR","potentialAction":[{"@type":"ReadAction","target":["http:\/\/www.mag-fruits.fr\/index.php\/offre-gms\/"]}]},{"@type":"BreadcrumbList","@id":"http:\/\/www.mag-fruits.fr\/index.php\/offre-gms\/#breadcrumb","itemListElement":[{"@type":"ListItem","position":1,"name":"Accueil","item":"https:\/\/www.banabel.fr\/"},{"@type":"ListItem","position":2,"name":"Offre GMS"}]}]}},"_links":{"self":[{"href":"https:\/\/www.banabel.fr\/index.php\/wp-json\/wp\/v2\/pages\/97"}],"collection":[{"href":"https:\/\/www.banabel.fr\/index.php\/wp-json\/wp\/v2\/pages"}],"about":[{"href":"https:\/\/www.banabel.fr\/index.php\/wp-json\/wp\/v2\/types\/page"}],"author":[{"embeddable":true,"href":"https:\/\/www.banabel.fr\/index.php\/wp-json\/wp\/v2\/users\/1"}],"replies":[{"embeddable":true,"href":"https:\/\/www.banabel.fr\/index.php\/wp-json\/wp\/v2\/comments?post=97"}],"version-history":[{"count":47,"href":"https:\/\/www.banabel.fr\/index.php\/wp-json\/wp\/v2\/pages\/97\/revisions"}],"predecessor-version":[{"id":1068,"href":"https:\/\/www.banabel.fr\/index.php\/wp-json\/wp\/v2\/pages\/97\/revisions\/1068"}],"wp:attachment":[{"href":"https:\/\/www.banabel.fr\/index.php\/wp-json\/wp\/v2\/media?parent=97"}],"curies":[{"name":"wp","href":"https:\/\/api.w.org\/{rel}","templated":true}]}}